{"id":370,"date":"2025-04-18T16:09:06","date_gmt":"2025-04-18T16:09:06","guid":{"rendered":"https:\/\/maestrat-lgtbi.es\/?post_type=product&#038;p=370"},"modified":"2025-04-18T16:40:15","modified_gmt":"2025-04-18T16:40:15","slug":"imant-maestrat-lgtbi","status":"publish","type":"product","link":"https:\/\/maestrat-lgtbi.es\/es\/product\/imant-maestrat-lgtbi\/","title":{"rendered":"Imant Maestrat LGTBI+"},"content":{"rendered":"<p class=\"\" data-start=\"89\" data-end=\"388\">Porta la visibilitzaci\u00f3 al teu frigor\u00edfic amb aquest imant exclusiu amb el missatge <strong data-start=\"238\" data-end=\"293\">\u201cEsta casa \u00e9s lliure d\u2019LGTBIf\u00f2bia i ho fem visible\u201d<\/strong>. Una manera simb\u00f2lica i compromesa de mostrar que apostes per espais lliures de discriminaci\u00f3.<\/p>\n<p class=\"\" data-start=\"390\" data-end=\"577\">Els xiquets, xiquetes i xiquetis que cresquen en la vostra casa, aix\u00ed com les persones que vos visiten, rebran aquest missatge de forma natural, integrant la diversitat i el respecte en el dia a dia.<\/p>\n<p class=\"\" data-start=\"579\" data-end=\"665\">\ud83e\uddf2 <strong data-start=\"582\" data-end=\"665\">No est\u00e0 a la venda. El rebr\u00e0s gratu\u00eftament en fer-te soci\/a\/ii de Maestrat LGTBI+ (<a href=\"https:\/\/maestrat-lgtbi.es\/es\/contact-2\/\">fes click aqu\u00ed<\/a>).<\/strong><\/p>\n<hr class=\"\" data-start=\"667\" data-end=\"670\" \/>\n<p class=\"\" data-start=\"693\" data-end=\"987\"><br data-start=\"754\" data-end=\"757\" \/>Lleva la visibilidad a tu nevera con este im\u00e1n exclusivo con el mensaje <strong data-start=\"829\" data-end=\"888\">\u201cEsta casa es libre de LGTBIfobia y lo hacemos visible\u201d<\/strong>. Una forma simb\u00f3lica y comprometida de mostrar que apuestas por espacios libres de discriminaci\u00f3n.<\/p>\n<p class=\"\" data-start=\"989\" data-end=\"1167\">Los ni\u00f1os, ni\u00f1as y ni\u00f1es que crezcan en vuestro hogar, as\u00ed como las personas que os visiten, recibir\u00e1n este mensaje de forma natural, integrando la diversidad y el respeto en su d\u00eda a d\u00eda.<\/p>\n<p class=\"\" data-start=\"1169\" data-end=\"1261\">\ud83e\uddf2 <strong data-start=\"1172\" data-end=\"1261\">No est\u00e1 a la venta. Lo recibir\u00e1s gratuitamente al hacerte socio\/a\/e de Maestrat LGTBI+ (<a href=\"https:\/\/maestrat-lgtbi.es\/es\/contact-2\/\">haz click aqu\u00ed<\/a>).<\/strong><\/p>","protected":false},"excerpt":{"rendered":"<p class=\"\" data-start=\"100\" data-end=\"352\">Un detall amb gran significat: col\u00b7loca\u2019l a la nevera i transmet valors de respecte i diversitat. Els infants i les visites el rebran de forma natural.<br data-start=\"298\" data-end=\"301\" \/>\ud83e\uddf2 <strong data-start=\"304\" data-end=\"352\">Gratu\u00eft en fer-te soci\/a\/ii de Maestrat LGTBI+ (<a href=\"https:\/\/maestrat-lgtbi.es\/es\/contact-2\/\">fes click aqu\u00ed<\/a>).<\/strong><\/p>\n<hr class=\"\" data-start=\"354\" data-end=\"357\" \/>\n<p class=\"\" data-start=\"380\" data-end=\"636\">Un detalle con gran significado: col\u00f3calo en la nevera y transmite valores de respeto y diversidad. Ni\u00f1os, ni\u00f1as, ni\u00f1es y visitas lo recibir\u00e1n de forma natural.<br data-start=\"579\" data-end=\"582\" \/>\ud83e\uddf2 <strong data-start=\"585\" data-end=\"636\">Gratuito al hacerte socio\/a\/e de Maestrat LGTBI+ (<a href=\"https:\/\/maestrat-lgtbi.es\/es\/contact-2\/\">haz click aqu\u00ed<\/a>).<\/strong><\/p>","protected":false},"featured_media":371,"comment_status":"closed","ping_status":"closed","template":"","meta":{"_monsterinsights_skip_tracking":false,"_monsterinsights_sitenote_active":false,"_monsterinsights_sitenote_note":"","_monsterinsights_sitenote_category":0,"_kadence_starter_templates_imported_post":true,"_kad_post_transparent":"default","_kad_post_title":"","_kad_post_layout":"default","_kad_post_sidebar_id":"","_kad_post_content_style":"default","_kad_post_vertical_padding":"default","_kad_post_feature":"","_kad_post_feature_position":"","_kad_post_header":false,"_kad_post_footer":false},"product_brand":[],"product_cat":[24],"product_tag":[],"class_list":{"0":"post-370","1":"product","2":"type-product","3":"status-publish","4":"has-post-thumbnail","6":"product_cat-materials-amb-missatge","8":"first","9":"outofstock","10":"shipping-taxable","11":"purchasable","12":"product-type-simple","13":"entry","14":"content-bg","15":"loop-entry"},"aioseo_notices":[],"_links":{"self":[{"href":"https:\/\/maestrat-lgtbi.es\/es\/wp-json\/wp\/v2\/product\/370","targetHints":{"allow":["GET"]}}],"collection":[{"href":"https:\/\/maestrat-lgtbi.es\/es\/wp-json\/wp\/v2\/product"}],"about":[{"href":"https:\/\/maestrat-lgtbi.es\/es\/wp-json\/wp\/v2\/types\/product"}],"replies":[{"embeddable":true,"href":"https:\/\/maestrat-lgtbi.es\/es\/wp-json\/wp\/v2\/comments?post=370"}],"wp:featuredmedia":[{"embeddable":true,"href":"https:\/\/maestrat-lgtbi.es\/es\/wp-json\/wp\/v2\/media\/371"}],"wp:attachment":[{"href":"https:\/\/maestrat-lgtbi.es\/es\/wp-json\/wp\/v2\/media?parent=370"}],"wp:term":[{"taxonomy":"product_brand","embeddable":true,"href":"https:\/\/maestrat-lgtbi.es\/es\/wp-json\/wp\/v2\/product_brand?post=370"},{"taxonomy":"product_cat","embeddable":true,"href":"https:\/\/maestrat-lgtbi.es\/es\/wp-json\/wp\/v2\/product_cat?post=370"},{"taxonomy":"product_tag","embeddable":true,"href":"https:\/\/maestrat-lgtbi.es\/es\/wp-json\/wp\/v2\/product_tag?post=370"}],"curies":[{"name":"wp","href":"https:\/\/api.w.org\/{rel}","templated":true}]}}