{"id":373,"date":"2025-04-19T12:01:10","date_gmt":"2025-04-19T12:01:10","guid":{"rendered":"https:\/\/maestrat-lgtbi.es\/?post_type=product&#038;p=373"},"modified":"2025-04-19T19:26:08","modified_gmt":"2025-04-19T19:26:08","slug":"samarreta-maestrat-lgtbi","status":"publish","type":"product","link":"https:\/\/maestrat-lgtbi.es\/es\/product\/samarreta-maestrat-lgtbi\/","title":{"rendered":"Samarreta Maestrat LGTBI+"},"content":{"rendered":"<p class=\"\" data-start=\"137\" data-end=\"350\">Samarreta t\u00e8cnica de m\u00e0niga curta i coll red\u00f3, en color rosa i amb el logotip de Maestrat LGTBI+ estampat al davant i al darrere. Disponible en diverses talles.<\/p>\n<p class=\"\" data-start=\"352\" data-end=\"539\">Fabricada en <strong data-start=\"365\" data-end=\"400\">100% poli\u00e8ster piqu\u00e9 \u2013 135 g\/m\u00b2<\/strong>, un teixit transpirable que es renta i s\u2019asseca f\u00e0cilment. Ideal per a activitats, esdeveniments o per fer visible el teu orgull cada dia.<\/p>\n<p data-start=\"687\" data-end=\"779\">Preus amb descompte nom\u00e9s per a socis.<\/p>\n<hr class=\"\" data-start=\"610\" data-end=\"613\" \/>\n<p class=\"\" data-start=\"567\" data-end=\"784\">Camiseta t\u00e9cnica de manga corta y cuello redondo, en color rosa y con el logotipo de Maestrat LGTBI+ estampado en el pecho y la espalda. Disponible en varias tallas.<\/p>\n<p class=\"\" data-start=\"786\" data-end=\"963\">Confeccionada en <strong data-start=\"803\" data-end=\"838\">100% poli\u00e9ster piqu\u00e9 \u2013 135 g\/m\u00b2<\/strong>, un tejido transpirable, de f\u00e1cil lavado y secado. Ideal para actividades, eventos o para hacer visible tu orgullo cada d\u00eda.<\/p>\n<div class=\"woocommerce-tabs wc-tabs-wrapper\">\n<div id=\"tab-description\" class=\"woocommerce-Tabs-panel woocommerce-Tabs-panel--description panel entry-content wc-tab\" role=\"tabpanel\" aria-labelledby=\"tab-title-description\">\n<article class=\"text-token-text-primary w-full\" dir=\"auto\" data-testid=\"conversation-turn-8\" data-scroll-anchor=\"true\">\n<div class=\"text-base my-auto mx-auto py-5 [--thread-content-margin:--spacing(4)] @[37rem]:[--thread-content-margin:--spacing(6)] @[70rem]:[--thread-content-margin:--spacing(12)] px-(--thread-content-margin)\">\n<div class=\"[--thread-content-max-width:32rem] @[34rem]:[--thread-content-max-width:40rem] @[64rem]:[--thread-content-max-width:48rem] mx-auto flex max-w-(--thread-content-max-width) flex-1 text-base gap-4 md:gap-5 lg:gap-6 group\/turn-messages focus-visible:outline-hidden\" tabindex=\"-1\">\n<div class=\"group\/conversation-turn relative flex w-full min-w-0 flex-col agent-turn\">\n<div class=\"relative flex-col gap-1 md:gap-3\">\n<div class=\"flex max-w-full flex-col grow\">\n<div class=\"min-h-8 text-message relative flex w-full flex-col items-end gap-2 text-start break-words whitespace-normal [.text-message+&amp;]:mt-5\" dir=\"auto\" data-message-author-role=\"assistant\" data-message-id=\"32e07169-f74e-467c-9072-01e930bead64\" data-message-model-slug=\"gpt-4o\">\n<div class=\"flex w-full flex-col gap-1 empty:hidden first:pt-[3px]\">\n<div class=\"markdown prose dark:prose-invert w-full break-words light\">\n<p data-start=\"615\" data-end=\"722\">Precio con descuento s\u00f3lo para socios.<\/p>\n<\/div>\n<\/div>\n<\/div>\n<\/div>\n<\/div>\n<\/div>\n<\/div>\n<\/div>\n<\/article>\n<\/div>\n<\/div>\n<p data-start=\"1004\" data-end=\"1106\">\n","protected":false},"excerpt":{"rendered":"<p class=\"\" data-start=\"137\" data-end=\"350\">Samarreta t\u00e8cnica de m\u00e0niga curta i coll red\u00f3, en color rosa i amb el logotip de Maestrat LGTBI+ estampat al davant i al darrere. Disponible en diverses talles.<\/p>\n<p class=\"\" data-start=\"352\" data-end=\"539\">Fabricada en <strong data-start=\"365\" data-end=\"400\">100% poli\u00e8ster piqu\u00e9 \u2013 135 g\/m\u00b2<\/strong>, un teixit transpirable que es renta i s\u2019asseca f\u00e0cilment. Ideal per a activitats, esdeveniments o per fer visible el teu orgull cada dia.<\/p>\n<p data-start=\"687\" data-end=\"779\">Preus amb descompte nom\u00e9s per a socis. Escriu-nos un missatge en\u00a0<a href=\"https:\/\/maestrat-lgtbi.es\/contact\/\">este formulari web<\/a>\u00a0per demanar la teua.<\/p>\n<hr class=\"\" data-start=\"610\" data-end=\"613\" \/>\n<p class=\"\" data-start=\"567\" data-end=\"784\">Camiseta t\u00e9cnica de manga corta y cuello redondo, en color rosa y con el logotipo de Maestrat LGTBI+ estampado en el pecho y la espalda. Disponible en varias tallas.<\/p>\n<p class=\"\" data-start=\"786\" data-end=\"963\">Confeccionada en <strong data-start=\"803\" data-end=\"838\">100% poli\u00e9ster piqu\u00e9 \u2013 135 g\/m\u00b2<\/strong>, un tejido transpirable, de f\u00e1cil lavado y secado. Ideal para actividades, eventos o para hacer visible tu orgullo cada d\u00eda. Precio con descuento s\u00f3lo para socios. Escr\u00edbenos un mensaje en <a href=\"https:\/\/maestrat-lgtbi.es\/contact\/\">este formulario web<\/a>\u00a0para pedir la tuya.<\/p>\n<div class=\"woocommerce-tabs wc-tabs-wrapper\">\n<div id=\"tab-description\" class=\"woocommerce-Tabs-panel woocommerce-Tabs-panel--description panel entry-content wc-tab\" role=\"tabpanel\" aria-labelledby=\"tab-title-description\">\n<article class=\"text-token-text-primary w-full\" dir=\"auto\" data-testid=\"conversation-turn-8\" data-scroll-anchor=\"true\">\n<div class=\"text-base my-auto mx-auto py-5 [--thread-content-margin:--spacing(4)] @[37rem]:[--thread-content-margin:--spacing(6)] @[70rem]:[--thread-content-margin:--spacing(12)] px-(--thread-content-margin)\">\n<div class=\"[--thread-content-max-width:32rem] @[34rem]:[--thread-content-max-width:40rem] @[64rem]:[--thread-content-max-width:48rem] mx-auto flex max-w-(--thread-content-max-width) flex-1 text-base gap-4 md:gap-5 lg:gap-6 group\/turn-messages focus-visible:outline-hidden\" tabindex=\"-1\">\n<div class=\"group\/conversation-turn relative flex w-full min-w-0 flex-col agent-turn\">\n<div class=\"relative flex-col gap-1 md:gap-3\">\n<div class=\"flex max-w-full flex-col grow\">\n<div class=\"min-h-8 text-message relative flex w-full flex-col items-end gap-2 text-start break-words whitespace-normal [.text-message+&amp;]:mt-5\" dir=\"auto\" data-message-author-role=\"assistant\" data-message-id=\"32e07169-f74e-467c-9072-01e930bead64\" data-message-model-slug=\"gpt-4o\">\n<div class=\"flex w-full flex-col gap-1 empty:hidden first:pt-[3px]\">\n<div class=\"markdown prose dark:prose-invert w-full break-words light\">\n<p data-start=\"615\" data-end=\"722\">Precio con descuento s\u00f3lo para socios. Escr\u00edbenos un mensaje en <a href=\"https:\/\/maestrat-lgtbi.es\/contact\/\">este formulario web<\/a>\u00a0para pedir la tuya.<\/p>\n<\/div>\n<\/div>\n<\/div>\n<\/div>\n<\/div>\n<\/div>\n<\/div>\n<\/div>\n<\/article>\n<\/div>\n<\/div>\n","protected":false},"featured_media":374,"comment_status":"open","ping_status":"closed","template":"","meta":{"_monsterinsights_skip_tracking":false,"_monsterinsights_sitenote_active":false,"_monsterinsights_sitenote_note":"","_monsterinsights_sitenote_category":0,"_kadence_starter_templates_imported_post":true,"_kad_post_transparent":"default","_kad_post_title":"","_kad_post_layout":"default","_kad_post_sidebar_id":"","_kad_post_content_style":"default","_kad_post_vertical_padding":"default","_kad_post_feature":"","_kad_post_feature_position":"","_kad_post_header":false,"_kad_post_footer":false},"product_brand":[],"product_cat":[24],"product_tag":[],"class_list":{"0":"post-373","1":"product","2":"type-product","3":"status-publish","4":"has-post-thumbnail","6":"product_cat-materials-amb-missatge","8":"first","9":"outofstock","10":"sale","11":"shipping-taxable","12":"purchasable","13":"product-type-simple","14":"entry","15":"content-bg","16":"loop-entry"},"aioseo_notices":[],"_links":{"self":[{"href":"https:\/\/maestrat-lgtbi.es\/es\/wp-json\/wp\/v2\/product\/373","targetHints":{"allow":["GET"]}}],"collection":[{"href":"https:\/\/maestrat-lgtbi.es\/es\/wp-json\/wp\/v2\/product"}],"about":[{"href":"https:\/\/maestrat-lgtbi.es\/es\/wp-json\/wp\/v2\/types\/product"}],"replies":[{"embeddable":true,"href":"https:\/\/maestrat-lgtbi.es\/es\/wp-json\/wp\/v2\/comments?post=373"}],"wp:featuredmedia":[{"embeddable":true,"href":"https:\/\/maestrat-lgtbi.es\/es\/wp-json\/wp\/v2\/media\/374"}],"wp:attachment":[{"href":"https:\/\/maestrat-lgtbi.es\/es\/wp-json\/wp\/v2\/media?parent=373"}],"wp:term":[{"taxonomy":"product_brand","embeddable":true,"href":"https:\/\/maestrat-lgtbi.es\/es\/wp-json\/wp\/v2\/product_brand?post=373"},{"taxonomy":"product_cat","embeddable":true,"href":"https:\/\/maestrat-lgtbi.es\/es\/wp-json\/wp\/v2\/product_cat?post=373"},{"taxonomy":"product_tag","embeddable":true,"href":"https:\/\/maestrat-lgtbi.es\/es\/wp-json\/wp\/v2\/product_tag?post=373"}],"curies":[{"name":"wp","href":"https:\/\/api.w.org\/{rel}","templated":true}]}}