{"id":410,"date":"2026-01-31T12:56:18","date_gmt":"2026-01-31T12:56:18","guid":{"rendered":"https:\/\/maestrat-lgtbi.es\/?post_type=product&#038;p=410"},"modified":"2026-02-01T10:27:36","modified_gmt":"2026-02-01T10:27:36","slug":"ampolla-daigua-reutilitzable-dacer-inoxidable-500-ml","status":"publish","type":"product","link":"https:\/\/maestrat-lgtbi.es\/es\/product\/ampolla-daigua-reutilitzable-dacer-inoxidable-500-ml\/","title":{"rendered":"Ampolla d\u2019aigua reutilitzable d\u2019acer inoxidable 500 ml \u2013 lliure de BPA"},"content":{"rendered":"<p data-start=\"397\" data-end=\"641\">Aposta per una alternativa sostenible i pr\u00e0ctica amb la nostra <strong data-start=\"460\" data-end=\"521\">ampolla d\u2019aigua reutilitzable d\u2019acer inoxidable de 500 ml<\/strong>. Dissenyada per acompanyar-te a tot arreu, combina <strong data-start=\"573\" data-end=\"588\">durabilitat<\/strong>, <strong data-start=\"590\" data-end=\"615\">seguretat aliment\u00e0ria<\/strong> i un <strong data-start=\"621\" data-end=\"640\">disseny elegant<\/strong>.<\/p>\n<p data-start=\"643\" data-end=\"914\">Fabricada en <strong data-start=\"656\" data-end=\"675\">acer inoxidable<\/strong>, no altera el gust de l\u2019aigua ni ret\u00e9 olors, i \u00e9s <strong data-start=\"726\" data-end=\"778\">100 % lliure de BPA i altres subst\u00e0ncies nocives<\/strong>, cosa que la fa segura per a un \u00fas diari continuat. La seua mida compacta \u00e9s perfecta per portar-la a la motxilla, el bolso o el cotxe.<\/p>\n<p data-start=\"916\" data-end=\"1046\">A m\u00e9s de funcional, \u00e9s una opci\u00f3 <strong data-start=\"949\" data-end=\"965\">eco-friendly<\/strong> que ajuda a reduir el consum de pl\u00e0stics d\u2019un sol \u00fas i a cuidar el medi ambient.<\/p>\n<p data-start=\"1048\" data-end=\"1080\"><strong data-start=\"1048\" data-end=\"1080\">Caracter\u00edstiques principals:<\/strong><\/p>\n<ul data-start=\"1081\" data-end=\"1292\">\n<li data-start=\"1081\" data-end=\"1104\">\n<p data-start=\"1083\" data-end=\"1104\">Capacitat: <strong data-start=\"1094\" data-end=\"1104\">500 ml<\/strong><\/p>\n<\/li>\n<li data-start=\"1105\" data-end=\"1152\">\n<p data-start=\"1107\" data-end=\"1152\">Material: <strong data-start=\"1117\" data-end=\"1152\">acer inoxidable d\u2019alta qualitat<\/strong><\/p>\n<\/li>\n<li data-start=\"1153\" data-end=\"1172\">\n<p data-start=\"1155\" data-end=\"1172\"><strong data-start=\"1155\" data-end=\"1172\">Lliure de BPA<\/strong><\/p>\n<\/li>\n<li data-start=\"1173\" data-end=\"1201\">\n<p data-start=\"1175\" data-end=\"1201\">Reutilitzable i reciclable<\/p>\n<\/li>\n<li data-start=\"1202\" data-end=\"1224\">\n<p data-start=\"1204\" data-end=\"1224\">Lleugera i resistent<\/p>\n<\/li>\n<li data-start=\"1225\" data-end=\"1243\">\n<p data-start=\"1227\" data-end=\"1243\">F\u00e0cil de netejar<\/p>\n<\/li>\n<li data-start=\"1244\" data-end=\"1292\">\n<p data-start=\"1246\" data-end=\"1292\">Ideal per a aigua, begudes fredes o d\u2019\u00fas diari<\/p>\n<\/li>\n<\/ul>\n<p data-start=\"1294\" data-end=\"1367\">Una elecci\u00f3 conscient, duradora i amb estil per hidratar-te cada dia \ud83c\udf31\ud83d\udca7<\/p>\n<p class=\"\" data-start=\"687\" data-end=\"779\">\ud83d\udda4\ud83e\udd0e\u2764\ufe0f\ud83e\udde1\ud83d\udc9b\ud83d\udc9a\ud83d\udc99\ud83d\udc9c<br data-start=\"703\" data-end=\"706\" \/><strong data-start=\"706\" data-end=\"779\">Compra-la i ajuda\u2019ns a fer visible la diversitat al Maestrat i arreu!<\/strong><\/p>\n<p data-start=\"687\" data-end=\"779\">Preus amb descompte nom\u00e9s per a socis.<\/p>\n<hr \/>\n<article class=\"text-token-text-primary w-full\" dir=\"auto\" data-testid=\"conversation-turn-8\" data-scroll-anchor=\"true\">\n<div class=\"text-base my-auto mx-auto py-5 [--thread-content-margin:--spacing(4)] @[37rem]:[--thread-content-margin:--spacing(6)] @[70rem]:[--thread-content-margin:--spacing(12)] px-(--thread-content-margin)\">\n<div class=\"[--thread-content-max-width:32rem] @[34rem]:[--thread-content-max-width:40rem] @[64rem]:[--thread-content-max-width:48rem] mx-auto flex max-w-(--thread-content-max-width) flex-1 text-base gap-4 md:gap-5 lg:gap-6 group\/turn-messages focus-visible:outline-hidden\" tabindex=\"-1\">\n<div class=\"group\/conversation-turn relative flex w-full min-w-0 flex-col agent-turn\">\n<div class=\"relative flex-col gap-1 md:gap-3\">\n<div class=\"flex max-w-full flex-col grow\">\n<div class=\"min-h-8 text-message relative flex w-full flex-col items-end gap-2 text-start break-words whitespace-normal [.text-message+&amp;]:mt-5\" dir=\"auto\" data-message-author-role=\"assistant\" data-message-id=\"32e07169-f74e-467c-9072-01e930bead64\" data-message-model-slug=\"gpt-4o\">\n<div class=\"flex w-full flex-col gap-1 empty:hidden first:pt-[3px]\">\n<div class=\"markdown prose dark:prose-invert w-full break-words light\">\n<p data-start=\"399\" data-end=\"649\">Elige una alternativa sostenible y pr\u00e1ctica con nuestra <strong data-start=\"455\" data-end=\"517\">botella de agua reutilizable de acero inoxidable de 500 ml<\/strong>. Dise\u00f1ada para acompa\u00f1arte a todas partes, combina <strong data-start=\"569\" data-end=\"584\">durabilidad<\/strong>, <strong data-start=\"586\" data-end=\"611\">seguridad alimentaria<\/strong> y un <strong data-start=\"617\" data-end=\"648\">dise\u00f1o elegante y funcional<\/strong>.<\/p>\n<p data-start=\"651\" data-end=\"917\">Fabricada en <strong data-start=\"664\" data-end=\"684\">acero inoxidable<\/strong>, no altera el sabor del agua ni retiene olores, y es <strong data-start=\"738\" data-end=\"787\">100 % libre de BPA y otras sustancias nocivas<\/strong>, lo que la hace segura para un uso diario continuado. Su tama\u00f1o compacto es ideal para llevar en la mochila, el bolso o el coche.<\/p>\n<p data-start=\"919\" data-end=\"1058\">Adem\u00e1s de pr\u00e1ctica, es una opci\u00f3n <strong data-start=\"953\" data-end=\"969\">eco-friendly<\/strong> que ayuda a reducir el consumo de pl\u00e1sticos de un solo uso y a cuidar el medio ambiente.<\/p>\n<p data-start=\"1060\" data-end=\"1092\"><strong data-start=\"1060\" data-end=\"1092\">Caracter\u00edsticas principales:<\/strong><\/p>\n<ul data-start=\"1093\" data-end=\"1301\">\n<li data-start=\"1093\" data-end=\"1116\">\n<p data-start=\"1095\" data-end=\"1116\">Capacidad: <strong data-start=\"1106\" data-end=\"1116\">500 ml<\/strong><\/p>\n<\/li>\n<li data-start=\"1117\" data-end=\"1165\">\n<p data-start=\"1119\" data-end=\"1165\">Material: <strong data-start=\"1129\" data-end=\"1165\">acero inoxidable de alta calidad<\/strong><\/p>\n<\/li>\n<li data-start=\"1166\" data-end=\"1184\">\n<p data-start=\"1168\" data-end=\"1184\"><strong data-start=\"1168\" data-end=\"1184\">Libre de BPA<\/strong><\/p>\n<\/li>\n<li data-start=\"1185\" data-end=\"1212\">\n<p data-start=\"1187\" data-end=\"1212\">Reutilizable y reciclable<\/p>\n<\/li>\n<li data-start=\"1213\" data-end=\"1234\">\n<p data-start=\"1215\" data-end=\"1234\">Ligera y resistente<\/p>\n<\/li>\n<li data-start=\"1235\" data-end=\"1253\">\n<p data-start=\"1237\" data-end=\"1253\">F\u00e1cil de limpiar<\/p>\n<\/li>\n<li data-start=\"1254\" data-end=\"1301\">\n<p data-start=\"1256\" data-end=\"1301\">Ideal para agua y bebidas fr\u00edas de uso diario<\/p>\n<\/li>\n<\/ul>\n<p data-start=\"1303\" data-end=\"1379\">Una elecci\u00f3n consciente, duradera y con estilo para hidratarte cada d\u00eda \ud83c\udf31\ud83d\udca7<\/p>\n<p class=\"\" data-start=\"615\" data-end=\"722\">\ud83d\udda4\ud83e\udd0e\u2764\ufe0f\ud83e\udde1\ud83d\udc9b\ud83d\udc9a\ud83d\udc99\ud83d\udc9c<br data-start=\"631\" data-end=\"634\" \/><strong data-start=\"634\" data-end=\"722\" data-is-last-node=\"\">\u00a1C\u00f3mprala y ay\u00fadanos a hacer visible la diversidad en el Maestrat y en todas partes!<\/strong><\/p>\n<p data-start=\"615\" data-end=\"722\">Precio con descuento s\u00f3lo para socios.<\/p>\n<\/div>\n<\/div>\n<\/div>\n<\/div>\n<\/div>\n<\/div>\n<\/div>\n<\/div>\n<\/article>\n","protected":false},"excerpt":{"rendered":"<article class=\"text-token-text-primary w-full\" dir=\"auto\" data-testid=\"conversation-turn-4\" data-scroll-anchor=\"true\">\n<div class=\"text-base my-auto mx-auto py-5 [--thread-content-margin:--spacing(4)] @[37rem]:[--thread-content-margin:--spacing(6)] @[70rem]:[--thread-content-margin:--spacing(12)] px-(--thread-content-margin)\">\n<div class=\"[--thread-content-max-width:32rem] @[34rem]:[--thread-content-max-width:40rem] @[64rem]:[--thread-content-max-width:48rem] mx-auto flex max-w-(--thread-content-max-width) flex-1 text-base gap-4 md:gap-5 lg:gap-6 group\/turn-messages focus-visible:outline-hidden\" tabindex=\"-1\">\n<div class=\"group\/conversation-turn relative flex w-full min-w-0 flex-col agent-turn\">\n<div class=\"relative flex-col gap-1 md:gap-3\">\n<div class=\"flex max-w-full flex-col grow\">\n<div class=\"min-h-8 text-message relative flex w-full flex-col items-end gap-2 text-start break-words whitespace-normal [.text-message+&amp;]:mt-5\" dir=\"auto\" data-message-author-role=\"assistant\" data-message-id=\"4fce56c0-9735-4116-bd57-612ad992df26\" data-message-model-slug=\"gpt-4o\">\n<div class=\"flex w-full flex-col gap-1 empty:hidden first:pt-[3px]\">\n<div class=\"markdown prose dark:prose-invert w-full break-words light\">\n<p class=\"\" data-start=\"34\" data-end=\"252\">Ampolla d\u2019aigua de <strong data-start=\"194\" data-end=\"204\">500 ml<\/strong>, fabricada en <strong data-start=\"219\" data-end=\"254\">acer inoxidable d\u2019alta qualitat<\/strong>, <strong data-start=\"256\" data-end=\"273\">lliure de BPA<\/strong>, lleugera i resistent. Ideal per al dia a dia, per a la feina, l\u2019esport o les escapades.<\/p>\n<p data-start=\"34\" data-end=\"252\">Escriu-nos un missatge en <a href=\"https:\/\/maestrat-lgtbi.es\/contact\/\">este formulari web<\/a> per demanar la teua.<\/p>\n<hr \/>\n<article class=\"text-token-text-primary w-full\" dir=\"auto\" data-testid=\"conversation-turn-6\" data-scroll-anchor=\"true\">\n<div class=\"text-base my-auto mx-auto py-5 [--thread-content-margin:--spacing(4)] @[37rem]:[--thread-content-margin:--spacing(6)] @[70rem]:[--thread-content-margin:--spacing(12)] px-(--thread-content-margin)\">\n<div class=\"[--thread-content-max-width:32rem] @[34rem]:[--thread-content-max-width:40rem] @[64rem]:[--thread-content-max-width:48rem] mx-auto flex max-w-(--thread-content-max-width) flex-1 text-base gap-4 md:gap-5 lg:gap-6 group\/turn-messages focus-visible:outline-hidden\" tabindex=\"-1\">\n<div class=\"group\/conversation-turn relative flex w-full min-w-0 flex-col agent-turn\">\n<div class=\"relative flex-col gap-1 md:gap-3\">\n<div class=\"flex max-w-full flex-col grow\">\n<div class=\"min-h-8 text-message relative flex w-full flex-col items-end gap-2 text-start break-words whitespace-normal [.text-message+&amp;]:mt-5\" dir=\"auto\" data-message-author-role=\"assistant\" data-message-id=\"b9dbaa4d-78db-4a4c-a41b-05ba698128cf\" data-message-model-slug=\"gpt-4o\">\n<div class=\"flex w-full flex-col gap-1 empty:hidden first:pt-[3px]\">\n<div class=\"markdown prose dark:prose-invert w-full break-words light\">\n<p class=\"\" data-start=\"46\" data-end=\"266\">Botella de agua de <strong data-start=\"196\" data-end=\"206\">500 ml<\/strong>, fabricada en <strong data-start=\"221\" data-end=\"257\">acero inoxidable de alta calidad<\/strong>, <strong data-start=\"259\" data-end=\"275\">libre de BPA<\/strong>, ligera y resistente. Perfecta para el d\u00eda a d\u00eda, el trabajo, el deporte o tus salidas.<\/p>\n<p data-start=\"46\" data-end=\"266\">Escr\u00edbenos un mensaje en <a href=\"https:\/\/maestrat-lgtbi.es\/contact\/\">este formulario web<\/a> para pedir la tuya.<\/p>\n<\/div>\n<\/div>\n<\/div>\n<\/div>\n<\/div>\n<\/div>\n<\/div>\n<\/div>\n<\/article>\n<\/div>\n<\/div>\n<\/div>\n<\/div>\n<\/div>\n<\/div>\n<\/div>\n<\/div>\n<\/article>\n","protected":false},"featured_media":415,"comment_status":"open","ping_status":"closed","template":"","meta":{"_monsterinsights_skip_tracking":false,"_monsterinsights_sitenote_active":false,"_monsterinsights_sitenote_note":"","_monsterinsights_sitenote_category":0,"_kadence_starter_templates_imported_post":true,"_kad_post_transparent":"default","_kad_post_title":"","_kad_post_layout":"default","_kad_post_sidebar_id":"","_kad_post_content_style":"default","_kad_post_vertical_padding":"default","_kad_post_feature":"","_kad_post_feature_position":"","_kad_post_header":false,"_kad_post_footer":false},"product_brand":[],"product_cat":[24],"product_tag":[],"class_list":{"0":"post-410","1":"product","2":"type-product","3":"status-publish","4":"has-post-thumbnail","6":"product_cat-materials-amb-missatge","8":"first","9":"outofstock","10":"sale","11":"shipping-taxable","12":"purchasable","13":"product-type-simple","14":"entry","15":"content-bg","16":"loop-entry"},"aioseo_notices":[],"_links":{"self":[{"href":"https:\/\/maestrat-lgtbi.es\/es\/wp-json\/wp\/v2\/product\/410","targetHints":{"allow":["GET"]}}],"collection":[{"href":"https:\/\/maestrat-lgtbi.es\/es\/wp-json\/wp\/v2\/product"}],"about":[{"href":"https:\/\/maestrat-lgtbi.es\/es\/wp-json\/wp\/v2\/types\/product"}],"replies":[{"embeddable":true,"href":"https:\/\/maestrat-lgtbi.es\/es\/wp-json\/wp\/v2\/comments?post=410"}],"wp:featuredmedia":[{"embeddable":true,"href":"https:\/\/maestrat-lgtbi.es\/es\/wp-json\/wp\/v2\/media\/415"}],"wp:attachment":[{"href":"https:\/\/maestrat-lgtbi.es\/es\/wp-json\/wp\/v2\/media?parent=410"}],"wp:term":[{"taxonomy":"product_brand","embeddable":true,"href":"https:\/\/maestrat-lgtbi.es\/es\/wp-json\/wp\/v2\/product_brand?post=410"},{"taxonomy":"product_cat","embeddable":true,"href":"https:\/\/maestrat-lgtbi.es\/es\/wp-json\/wp\/v2\/product_cat?post=410"},{"taxonomy":"product_tag","embeddable":true,"href":"https:\/\/maestrat-lgtbi.es\/es\/wp-json\/wp\/v2\/product_tag?post=410"}],"curies":[{"name":"wp","href":"https:\/\/api.w.org\/{rel}","templated":true}]}}