{"id":44,"date":"2024-08-14T11:30:21","date_gmt":"2024-08-14T11:30:21","guid":{"rendered":"https:\/\/maestrat-lgtbi.es\/product\/kilimanjaro-set\/"},"modified":"2025-04-18T16:20:53","modified_gmt":"2025-04-18T16:20:53","slug":"motxilla-maestrat-lgtbi","status":"publish","type":"product","link":"https:\/\/maestrat-lgtbi.es\/es\/product\/motxilla-maestrat-lgtbi\/","title":{"rendered":"Motxilla Maestrat LGTBI+"},"content":{"rendered":"<p class=\"\" data-start=\"133\" data-end=\"506\">Motxilla de disseny senzill i elegant, amb un suau tacte i fabricada en poli\u00e8ster resistent. Amb tancament de cordes en color natural i el logotip de Maestrat LGTBI+, \u00e9s perfecta per al teu dia a dia, per portar a activitats, esdeveniments o simplement per fer visible el teu comprom\u00eds amb la diversitat.<\/p>\n<p class=\"\" data-start=\"508\" data-end=\"608\"><strong data-start=\"508\" data-end=\"529\">Mides: 34 x 42 cm<\/strong><br data-start=\"529\" data-end=\"532\" \/>Lleugera, c\u00f2moda i amb estil, \u00e9s una aposta funcional i plena de significat.<\/p>\n<p data-start=\"687\" data-end=\"779\">Preus amb descompte nom\u00e9s per a socis.<\/p>\n<hr class=\"\" data-start=\"610\" data-end=\"613\" \/>\n<p class=\"\" data-start=\"636\" data-end=\"1002\"><br data-start=\"703\" data-end=\"706\" \/>Mochila de dise\u00f1o sencillo y elegante, con tacto suave y fabricada en poli\u00e9ster resistente. Con cierre de cuerdas en color natural y el logotipo de Maestrat LGTBI+, es perfecta para el d\u00eda a d\u00eda, para llevar a actividades, eventos o simplemente para hacer visible tu compromiso con la diversidad.<\/p>\n<p class=\"\" data-start=\"1004\" data-end=\"1106\"><strong data-start=\"1004\" data-end=\"1027\">Medidas: 34 x 42 cm<\/strong><br data-start=\"1027\" data-end=\"1030\" \/>Ligera, c\u00f3moda y con estilo, es una opci\u00f3n funcional y llena de significado.<\/p>\n<div class=\"woocommerce-tabs wc-tabs-wrapper\">\n<div id=\"tab-description\" class=\"woocommerce-Tabs-panel woocommerce-Tabs-panel--description panel entry-content wc-tab\" role=\"tabpanel\" aria-labelledby=\"tab-title-description\">\n<article class=\"text-token-text-primary w-full\" dir=\"auto\" data-testid=\"conversation-turn-8\" data-scroll-anchor=\"true\">\n<div class=\"text-base my-auto mx-auto py-5 [--thread-content-margin:--spacing(4)] @[37rem]:[--thread-content-margin:--spacing(6)] @[70rem]:[--thread-content-margin:--spacing(12)] px-(--thread-content-margin)\">\n<div class=\"[--thread-content-max-width:32rem] @[34rem]:[--thread-content-max-width:40rem] @[64rem]:[--thread-content-max-width:48rem] mx-auto flex max-w-(--thread-content-max-width) flex-1 text-base gap-4 md:gap-5 lg:gap-6 group\/turn-messages focus-visible:outline-hidden\" tabindex=\"-1\">\n<div class=\"group\/conversation-turn relative flex w-full min-w-0 flex-col agent-turn\">\n<div class=\"relative flex-col gap-1 md:gap-3\">\n<div class=\"flex max-w-full flex-col grow\">\n<div class=\"min-h-8 text-message relative flex w-full flex-col items-end gap-2 text-start break-words whitespace-normal [.text-message+&amp;]:mt-5\" dir=\"auto\" data-message-author-role=\"assistant\" data-message-id=\"32e07169-f74e-467c-9072-01e930bead64\" data-message-model-slug=\"gpt-4o\">\n<div class=\"flex w-full flex-col gap-1 empty:hidden first:pt-[3px]\">\n<div class=\"markdown prose dark:prose-invert w-full break-words light\">\n<p data-start=\"615\" data-end=\"722\">Precio con descuento s\u00f3lo para socios.<\/p>\n<\/div>\n<\/div>\n<\/div>\n<\/div>\n<\/div>\n<\/div>\n<\/div>\n<\/div>\n<\/article>\n<\/div>\n<\/div>\n<p data-start=\"1004\" data-end=\"1106\">\n","protected":false},"excerpt":{"rendered":"<p class=\"\" data-start=\"114\" data-end=\"320\"><br data-start=\"155\" data-end=\"158\" \/>Motxilla d\u2019inspiraci\u00f3 natural, de tacte suau i fabricada en poli\u00e8ster, amb el nostre logo. Tancament amb cordes en color natural. Pr\u00e0ctica, lleugera i amb orgull!<\/p>\n<p data-start=\"34\" data-end=\"252\">Escriu-nos un missatge en\u00a0<a href=\"https:\/\/maestrat-lgtbi.es\/es\/contact\/\">este formulari web<\/a>\u00a0per demanar la teua.<\/p>\n<hr class=\"\" data-start=\"322\" data-end=\"325\" \/>\n<p class=\"\" data-start=\"348\" data-end=\"551\"><br data-start=\"388\" data-end=\"391\" \/>Mochila de inspiraci\u00f3n natural, de tacto suave y fabricada en poli\u00e9ster, con nuestro logo. Cierre con cuerdas en color natural. \u00a1Pr\u00e1ctica, ligera y con orgullo!<\/p>\n<p data-start=\"348\" data-end=\"551\">Escr\u00edbenos un mensaje en <a href=\"https:\/\/maestrat-lgtbi.es\/es\/contact\/\">este formulario web<\/a>\u00a0para pedir la tuya.<\/p>","protected":false},"featured_media":360,"comment_status":"open","ping_status":"closed","template":"","meta":{"_monsterinsights_skip_tracking":false,"_monsterinsights_sitenote_active":false,"_monsterinsights_sitenote_note":"","_monsterinsights_sitenote_category":0,"_kadence_starter_templates_imported_post":true,"_kad_post_transparent":"default","_kad_post_title":"","_kad_post_layout":"default","_kad_post_sidebar_id":"","_kad_post_content_style":"default","_kad_post_vertical_padding":"default","_kad_post_feature":"","_kad_post_feature_position":"","_kad_post_header":false,"_kad_post_footer":false},"product_brand":[],"product_cat":[24],"product_tag":[],"class_list":{"0":"post-44","1":"product","2":"type-product","3":"status-publish","4":"has-post-thumbnail","6":"product_cat-materials-amb-missatge","8":"first","9":"outofstock","10":"sale","11":"shipping-taxable","12":"purchasable","13":"product-type-simple","14":"entry","15":"content-bg","16":"loop-entry"},"aioseo_notices":[],"_links":{"self":[{"href":"https:\/\/maestrat-lgtbi.es\/es\/wp-json\/wp\/v2\/product\/44","targetHints":{"allow":["GET"]}}],"collection":[{"href":"https:\/\/maestrat-lgtbi.es\/es\/wp-json\/wp\/v2\/product"}],"about":[{"href":"https:\/\/maestrat-lgtbi.es\/es\/wp-json\/wp\/v2\/types\/product"}],"replies":[{"embeddable":true,"href":"https:\/\/maestrat-lgtbi.es\/es\/wp-json\/wp\/v2\/comments?post=44"}],"wp:featuredmedia":[{"embeddable":true,"href":"https:\/\/maestrat-lgtbi.es\/es\/wp-json\/wp\/v2\/media\/360"}],"wp:attachment":[{"href":"https:\/\/maestrat-lgtbi.es\/es\/wp-json\/wp\/v2\/media?parent=44"}],"wp:term":[{"taxonomy":"product_brand","embeddable":true,"href":"https:\/\/maestrat-lgtbi.es\/es\/wp-json\/wp\/v2\/product_brand?post=44"},{"taxonomy":"product_cat","embeddable":true,"href":"https:\/\/maestrat-lgtbi.es\/es\/wp-json\/wp\/v2\/product_cat?post=44"},{"taxonomy":"product_tag","embeddable":true,"href":"https:\/\/maestrat-lgtbi.es\/es\/wp-json\/wp\/v2\/product_tag?post=44"}],"curies":[{"name":"wp","href":"https:\/\/api.w.org\/{rel}","templated":true}]}}