{"id":46,"date":"2024-08-14T11:30:26","date_gmt":"2024-08-14T11:30:26","guid":{"rendered":"https:\/\/maestrat-lgtbi.es\/product\/rockies-line\/"},"modified":"2026-01-31T13:28:23","modified_gmt":"2026-01-31T13:28:23","slug":"tassa-cassa-lliure-lgtbifobia-maestrat-lgtbi","status":"publish","type":"product","link":"https:\/\/maestrat-lgtbi.es\/es\/product\/tassa-cassa-lliure-lgtbifobia-maestrat-lgtbi\/","title":{"rendered":"Tassa Maestrat LGTBI+"},"content":{"rendered":"<p class=\"\" data-start=\"72\" data-end=\"318\">Fes del teu dia a dia un acte de visibilitzaci\u00f3 i comprom\u00eds! Aquesta tassa no \u00e9s nom\u00e9s per a prendre el teu caf\u00e8 o infusi\u00f3 preferida, \u00e9s un s\u00edmbol de suport, orgull i reivindicaci\u00f3.<\/p>\n<p class=\"\" data-start=\"320\" data-end=\"609\">Amb la inscripci\u00f3 <strong data-start=\"338\" data-end=\"393\">\u201cEsta casa \u00e9s lliure d\u2019LGTBIf\u00f2bia i ho fem visible\u201d<\/strong>, mostres al m\u00f3n que els espais segurs i lliures de discriminaci\u00f3 s\u00f3n possibles i necessaris. Perfecta per a casa, l\u2019oficina o com a regal amb significat, forma part de la lluita per una societat m\u00e9s justa i diversa.<\/p>\n<p class=\"\" data-start=\"611\" data-end=\"685\">Fabricada amb materials resistents, apte per a rentavaixelles i microones.<\/p>\n<p class=\"\" data-start=\"687\" data-end=\"779\">\ud83d\udda4\ud83e\udd0e\u2764\ufe0f\ud83e\udde1\ud83d\udc9b\ud83d\udc9a\ud83d\udc99\ud83d\udc9c<br data-start=\"703\" data-end=\"706\" \/><strong data-start=\"706\" data-end=\"779\">Compra-la i ajuda\u2019ns a fer visible la diversitat al Maestrat i arreu!<\/strong><\/p>\n<p data-start=\"687\" data-end=\"779\">Preus amb descompte nom\u00e9s per a socis.<\/p>\n<hr \/>\n<article class=\"text-token-text-primary w-full\" dir=\"auto\" data-testid=\"conversation-turn-8\" data-scroll-anchor=\"true\">\n<div class=\"text-base my-auto mx-auto py-5 [--thread-content-margin:--spacing(4)] @[37rem]:[--thread-content-margin:--spacing(6)] @[70rem]:[--thread-content-margin:--spacing(12)] px-(--thread-content-margin)\">\n<div class=\"[--thread-content-max-width:32rem] @[34rem]:[--thread-content-max-width:40rem] @[64rem]:[--thread-content-max-width:48rem] mx-auto flex max-w-(--thread-content-max-width) flex-1 text-base gap-4 md:gap-5 lg:gap-6 group\/turn-messages focus-visible:outline-hidden\" tabindex=\"-1\">\n<div class=\"group\/conversation-turn relative flex w-full min-w-0 flex-col agent-turn\">\n<div class=\"relative flex-col gap-1 md:gap-3\">\n<div class=\"flex max-w-full flex-col grow\">\n<div class=\"min-h-8 text-message relative flex w-full flex-col items-end gap-2 text-start break-words whitespace-normal [.text-message+&amp;]:mt-5\" dir=\"auto\" data-message-author-role=\"assistant\" data-message-id=\"32e07169-f74e-467c-9072-01e930bead64\" data-message-model-slug=\"gpt-4o\">\n<div class=\"flex w-full flex-col gap-1 empty:hidden first:pt-[3px]\">\n<div class=\"markdown prose dark:prose-invert w-full break-words light\">\n<p class=\"\" data-start=\"61\" data-end=\"235\"><strong data-start=\"61\" data-end=\"124\">Haz de tu d\u00eda a d\u00eda un acto de visibilizaci\u00f3n y compromiso.<\/strong> Esta taza no es solo para tomar tu caf\u00e9 o infusi\u00f3n favorita, es un s\u00edmbolo de apoyo, orgullo y reivindicaci\u00f3n.<\/p>\n<p class=\"\" data-start=\"237\" data-end=\"537\">Con la inscripci\u00f3n <strong data-start=\"256\" data-end=\"315\">\u201cEsta casa es libre de LGTBIfobia y lo hacemos visible\u201d<\/strong>, muestras al mundo que los espacios seguros y libres de discriminaci\u00f3n son posibles y necesarios. Perfecta para casa, la oficina o como regalo con significado, forma parte de la lucha por una sociedad m\u00e1s justa y diversa.<\/p>\n<p class=\"\" data-start=\"539\" data-end=\"613\">Fabricada con materiales resistentes, apta para lavavajillas y microondas.<\/p>\n<p class=\"\" data-start=\"615\" data-end=\"722\">\ud83d\udda4\ud83e\udd0e\u2764\ufe0f\ud83e\udde1\ud83d\udc9b\ud83d\udc9a\ud83d\udc99\ud83d\udc9c<br data-start=\"631\" data-end=\"634\" \/><strong data-start=\"634\" data-end=\"722\" data-is-last-node=\"\">\u00a1C\u00f3mprala y ay\u00fadanos a hacer visible la diversidad en el Maestrat y en todas partes!<\/strong><\/p>\n<p data-start=\"615\" data-end=\"722\">Precio con descuento s\u00f3lo para socios.<\/p>\n<\/div>\n<\/div>\n<\/div>\n<\/div>\n<\/div>\n<\/div>\n<\/div>\n<\/div>\n<\/article>\n","protected":false},"excerpt":{"rendered":"<article class=\"text-token-text-primary w-full\" dir=\"auto\" data-testid=\"conversation-turn-4\" data-scroll-anchor=\"true\">\n<div class=\"text-base my-auto mx-auto py-5 [--thread-content-margin:--spacing(4)] @[37rem]:[--thread-content-margin:--spacing(6)] @[70rem]:[--thread-content-margin:--spacing(12)] px-(--thread-content-margin)\">\n<div class=\"[--thread-content-max-width:32rem] @[34rem]:[--thread-content-max-width:40rem] @[64rem]:[--thread-content-max-width:48rem] mx-auto flex max-w-(--thread-content-max-width) flex-1 text-base gap-4 md:gap-5 lg:gap-6 group\/turn-messages focus-visible:outline-hidden\" tabindex=\"-1\">\n<div class=\"group\/conversation-turn relative flex w-full min-w-0 flex-col agent-turn\">\n<div class=\"relative flex-col gap-1 md:gap-3\">\n<div class=\"flex max-w-full flex-col grow\">\n<div class=\"min-h-8 text-message relative flex w-full flex-col items-end gap-2 text-start break-words whitespace-normal [.text-message+&amp;]:mt-5\" dir=\"auto\" data-message-author-role=\"assistant\" data-message-id=\"4fce56c0-9735-4116-bd57-612ad992df26\" data-message-model-slug=\"gpt-4o\">\n<div class=\"flex w-full flex-col gap-1 empty:hidden first:pt-[3px]\">\n<div class=\"markdown prose dark:prose-invert w-full break-words light\">\n<p class=\"\" data-start=\"34\" data-end=\"252\">Amb el missatge \u201cEsta casa \u00e9s lliure d\u2019LGTBIf\u00f2bia i ho fem visible\u201d, aquesta tassa \u00e9s molt m\u00e9s que un objecte: \u00e9s un gest de suport i visibilitat. Aporta orgull i comprom\u00eds a la teua rutina!<\/p>\n<p data-start=\"34\" data-end=\"252\">Escriu-nos un missatge en <a href=\"https:\/\/maestrat-lgtbi.es\/contact\/\">este formulari web<\/a> per demanar la teua.<\/p>\n<hr \/>\n<article class=\"text-token-text-primary w-full\" dir=\"auto\" data-testid=\"conversation-turn-6\" data-scroll-anchor=\"true\">\n<div class=\"text-base my-auto mx-auto py-5 [--thread-content-margin:--spacing(4)] @[37rem]:[--thread-content-margin:--spacing(6)] @[70rem]:[--thread-content-margin:--spacing(12)] px-(--thread-content-margin)\">\n<div class=\"[--thread-content-max-width:32rem] @[34rem]:[--thread-content-max-width:40rem] @[64rem]:[--thread-content-max-width:48rem] mx-auto flex max-w-(--thread-content-max-width) flex-1 text-base gap-4 md:gap-5 lg:gap-6 group\/turn-messages focus-visible:outline-hidden\" tabindex=\"-1\">\n<div class=\"group\/conversation-turn relative flex w-full min-w-0 flex-col agent-turn\">\n<div class=\"relative flex-col gap-1 md:gap-3\">\n<div class=\"flex max-w-full flex-col grow\">\n<div class=\"min-h-8 text-message relative flex w-full flex-col items-end gap-2 text-start break-words whitespace-normal [.text-message+&amp;]:mt-5\" dir=\"auto\" data-message-author-role=\"assistant\" data-message-id=\"b9dbaa4d-78db-4a4c-a41b-05ba698128cf\" data-message-model-slug=\"gpt-4o\">\n<div class=\"flex w-full flex-col gap-1 empty:hidden first:pt-[3px]\">\n<div class=\"markdown prose dark:prose-invert w-full break-words light\">\n<p class=\"\" data-start=\"46\" data-end=\"266\">Con el mensaje \u201cEsta casa es libre de LGTBIfobia y lo hacemos visible\u201d, esta taza es mucho m\u00e1s que un objeto: es un gesto de apoyo y visibilidad. \u00a1Lleva orgullo y compromiso a tu rutina diaria!<\/p>\n<p data-start=\"46\" data-end=\"266\">Escr\u00edbenos un mensaje en <a href=\"https:\/\/maestrat-lgtbi.es\/contact\/\">este formulario web<\/a> para pedir la tuya.<\/p>\n<\/div>\n<\/div>\n<\/div>\n<\/div>\n<\/div>\n<\/div>\n<\/div>\n<\/div>\n<\/article>\n<\/div>\n<\/div>\n<\/div>\n<\/div>\n<\/div>\n<\/div>\n<\/div>\n<\/div>\n<\/article>\n","protected":false},"featured_media":353,"comment_status":"open","ping_status":"closed","template":"","meta":{"_monsterinsights_skip_tracking":false,"_monsterinsights_sitenote_active":false,"_monsterinsights_sitenote_note":"","_monsterinsights_sitenote_category":0,"_kadence_starter_templates_imported_post":true,"_kad_post_transparent":"default","_kad_post_title":"","_kad_post_layout":"default","_kad_post_sidebar_id":"","_kad_post_content_style":"default","_kad_post_vertical_padding":"default","_kad_post_feature":"","_kad_post_feature_position":"","_kad_post_header":false,"_kad_post_footer":false},"product_brand":[],"product_cat":[24],"product_tag":[],"class_list":{"0":"post-46","1":"product","2":"type-product","3":"status-publish","4":"has-post-thumbnail","6":"product_cat-materials-amb-missatge","8":"first","9":"outofstock","10":"sale","11":"shipping-taxable","12":"purchasable","13":"product-type-simple","14":"entry","15":"content-bg","16":"loop-entry"},"aioseo_notices":[],"_links":{"self":[{"href":"https:\/\/maestrat-lgtbi.es\/es\/wp-json\/wp\/v2\/product\/46","targetHints":{"allow":["GET"]}}],"collection":[{"href":"https:\/\/maestrat-lgtbi.es\/es\/wp-json\/wp\/v2\/product"}],"about":[{"href":"https:\/\/maestrat-lgtbi.es\/es\/wp-json\/wp\/v2\/types\/product"}],"replies":[{"embeddable":true,"href":"https:\/\/maestrat-lgtbi.es\/es\/wp-json\/wp\/v2\/comments?post=46"}],"wp:featuredmedia":[{"embeddable":true,"href":"https:\/\/maestrat-lgtbi.es\/es\/wp-json\/wp\/v2\/media\/353"}],"wp:attachment":[{"href":"https:\/\/maestrat-lgtbi.es\/es\/wp-json\/wp\/v2\/media?parent=46"}],"wp:term":[{"taxonomy":"product_brand","embeddable":true,"href":"https:\/\/maestrat-lgtbi.es\/es\/wp-json\/wp\/v2\/product_brand?post=46"},{"taxonomy":"product_cat","embeddable":true,"href":"https:\/\/maestrat-lgtbi.es\/es\/wp-json\/wp\/v2\/product_cat?post=46"},{"taxonomy":"product_tag","embeddable":true,"href":"https:\/\/maestrat-lgtbi.es\/es\/wp-json\/wp\/v2\/product_tag?post=46"}],"curies":[{"name":"wp","href":"https:\/\/api.w.org\/{rel}","templated":true}]}}